{"id":589,"date":"2024-11-04T04:12:53","date_gmt":"2024-11-04T04:12:53","guid":{"rendered":"https:\/\/themegavias.com\/wp\/travivu\/?page_id=3"},"modified":"2025-09-26T23:43:41","modified_gmt":"2025-09-26T23:43:41","slug":"gizlilik-politikasi","status":"publish","type":"page","link":"https:\/\/hurghada-massage.com\/tr\/gizlilik-politikasi\/","title":{"rendered":"Gizlilik Politikas\u0131"},"content":{"rendered":"<div data-elementor-type=\"wp-page\" data-elementor-id=\"589\" class=\"elementor elementor-589\">\n\t\t\t\t<div class=\"elementor-element elementor-element-7a68a241 e-flex e-con-boxed e-con e-parent\" data-id=\"7a68a241\" data-element_type=\"container\">\n\t\t\t\t\t<div class=\"e-con-inner\">\n\t\t\t\t<div class=\"elementor-element elementor-element-99a105d elementor-widget elementor-widget-text-editor\" data-id=\"99a105d\" data-element_type=\"widget\" data-widget_type=\"text-editor.default\">\n\t\t\t\t\t\t\t\t\t<p data-start=\"145\" data-end=\"414\">At <strong data-start=\"148\" data-end=\"159\">spa&#039;m\u0131z<\/strong>, Gizlili\u011finize sayg\u0131 duyuyoruz ve bizimle payla\u015ft\u0131\u011f\u0131n\u0131z ki\u015fisel bilgileri korumaya kararl\u0131y\u0131z. Bu Gizlilik Politikas\u0131, Hurghada&#039;daki spa ve sa\u011fl\u0131kl\u0131 ya\u015fam hizmetlerimizi ziyaret etti\u011finizde veya rezervasyon yapt\u0131rd\u0131\u011f\u0131n\u0131zda verilerinizi nas\u0131l toplad\u0131\u011f\u0131m\u0131z\u0131, kulland\u0131\u011f\u0131m\u0131z\u0131 ve korudu\u011fumuzu a\u00e7\u0131klamaktad\u0131r.<\/p><h2 data-start=\"416\" data-end=\"446\">1. Toplad\u0131\u011f\u0131m\u0131z Bilgiler<\/h2><p data-start=\"447\" data-end=\"518\">Web sitemizle etkile\u015fim kurdu\u011funuzda veya bir hizmet rezervasyonu yapt\u0131\u011f\u0131n\u0131zda \u015funlar\u0131 toplayabiliriz:<\/p><ul data-start=\"519\" data-end=\"866\"><li data-start=\"519\" data-end=\"619\"><p data-start=\"521\" data-end=\"619\">Ki\u015fisel Bilgiler: ad, telefon numaras\u0131, e-posta adresi, otel bilgileri ve rezervasyon tercihleri.<\/p><\/li><li data-start=\"620\" data-end=\"734\"><p data-start=\"622\" data-end=\"734\">\u00d6deme Bilgileri: Ge\u00e7erli oldu\u011fu durumlarda, PayPal gibi g\u00fcvenilir \u00fc\u00e7\u00fcnc\u00fc taraf sa\u011flay\u0131c\u0131lar arac\u0131l\u0131\u011f\u0131yla g\u00fcvenli bir \u015fekilde i\u015flenir.<\/p><\/li><li data-start=\"735\" data-end=\"866\"><p data-start=\"737\" data-end=\"866\">Kullan\u0131m Verileri: Web sitemizi nas\u0131l kulland\u0131\u011f\u0131n\u0131za dair bilgiler (ziyaret edilen sayfalar, arama sorgular\u0131 vb.) deneyiminizi geli\u015ftirmemize yard\u0131mc\u0131 olur.<\/p><\/li><\/ul><h2 data-start=\"868\" data-end=\"903\">2. Bilgilerinizi Nas\u0131l Kullan\u0131yoruz<\/h2><p data-start=\"904\" data-end=\"935\">Bilgileriniz \u015fu ama\u00e7larla kullan\u0131lmaktad\u0131r:<\/p><ul data-start=\"936\" data-end=\"1199\"><li data-start=\"936\" data-end=\"975\"><p data-start=\"938\" data-end=\"975\">Rezervasyonlar\u0131n i\u015flenmesi ve onaylanmas\u0131.<\/p><\/li><li data-start=\"976\" data-end=\"1029\"><p data-start=\"978\" data-end=\"1029\">Talep \u00fczerine transfer ve spa hizmetleri sa\u011flanmaktad\u0131r.<\/p><\/li><li data-start=\"1030\" data-end=\"1088\"><p data-start=\"1032\" data-end=\"1088\">Rezervasyon detaylar\u0131n\u0131, de\u011fi\u015fiklikleri veya takip i\u015flemlerini iletmek.<\/p><\/li><li data-start=\"1089\" data-end=\"1148\"><p data-start=\"1091\" data-end=\"1148\">G\u00fcncellemeler, promosyonlar veya teklifler g\u00f6nderme (e\u011fer onay verirseniz).<\/p><\/li><li data-start=\"1149\" data-end=\"1199\"><p data-start=\"1151\" data-end=\"1199\">Web sitemizi ve m\u00fc\u015fteri deneyimini geli\u015ftiriyoruz.<\/p><\/li><\/ul><h2 data-start=\"1201\" data-end=\"1226\">3. \u00d6demeler ve PayPal<\/h2><p data-start=\"1227\" data-end=\"1483\">Rezervasyonlar\u0131n\u0131z i\u00e7in g\u00fcvenli bir \u00f6deme se\u00e7ene\u011fi olarak PayPal&#039;\u0131 sunuyoruz. PayPal ile \u00f6deme yapmay\u0131 se\u00e7ti\u011finizde, \u00f6deme bilgileriniz do\u011frudan PayPal&#039;\u0131n g\u00fcvenli platformu \u00fczerinden i\u015flenir. \u00d6deme kart\u0131 bilgilerinizin tamam\u0131n\u0131 sunucular\u0131m\u0131zda saklam\u0131yoruz veya bunlara eri\u015fimimiz bulunmamaktad\u0131r.<\/p><p data-start=\"1485\" data-end=\"1724\">PayPal&#039;\u0131 kullanarak, \u00f6deme ve ki\u015fisel bilgilerinizin nas\u0131l i\u015flendi\u011fini d\u00fczenleyen PayPal&#039;\u0131n Gizlilik Politikas\u0131 ve Hizmet \u015eartlar\u0131n\u0131 da kabul etmi\u015f olursunuz. PayPal&#039;\u0131n politikas\u0131n\u0131 \u015fu adreste inceleyebilirsiniz: <a class=\"decorated-link cursor-pointer\" target=\"_new\" rel=\"noopener\" data-start=\"1672\" data-end=\"1722\">https:\/\/www.paypal.com\/webapps\/mpp\/ua\/privacy-full<\/a><\/p><h2 data-start=\"1726\" data-end=\"1760\">4. Veri Koruma ve G\u00fcvenli\u011fi<\/h2><p data-start=\"1761\" data-end=\"1919\">Ki\u015fisel verilerinizi yetkisiz eri\u015fime, de\u011fi\u015fikli\u011fe, if\u015faya veya yok edilmeye kar\u015f\u0131 korumak i\u00e7in uygun teknik ve organizasyonel \u00f6nlemler al\u0131yoruz.<\/p><h2 data-start=\"1921\" data-end=\"1951\">5. Bilgi Payla\u015f\u0131m\u0131<\/h2><p data-start=\"1952\" data-end=\"2046\">Ki\u015fisel bilgilerinizi satm\u0131yor, kiralam\u0131yor veya ticarete konu etmiyoruz. Verileriniz yaln\u0131zca \u015fu ki\u015filerle payla\u015f\u0131labilir:<\/p><ul data-start=\"2047\" data-end=\"2166\"><li data-start=\"2047\" data-end=\"2124\"><p data-start=\"2049\" data-end=\"2124\">Rezervasyonunuzun ger\u00e7ekle\u015ftirilmesinde do\u011frudan yer alan hizmet sa\u011flay\u0131c\u0131lar ve personel.<\/p><\/li><li data-start=\"2125\" data-end=\"2166\"><p data-start=\"2127\" data-end=\"2166\">Kanun gerektirdi\u011fi takdirde yasal merciler.<\/p><\/li><\/ul><h2 data-start=\"2168\" data-end=\"2194\">6. \u00c7erezler ve \u0130zleme<\/h2><p data-start=\"2195\" data-end=\"2363\">Web sitemiz, tarama deneyimini iyile\u015ftirmek, trafi\u011fi analiz etmek ve i\u00e7eri\u011fi ki\u015fiselle\u015ftirmek i\u00e7in \u00e7erezler kullanabilir. \u00c7erezleri taray\u0131c\u0131 ayarlar\u0131n\u0131z arac\u0131l\u0131\u011f\u0131yla y\u00f6netebilir veya devre d\u0131\u015f\u0131 b\u0131rakabilirsiniz.<\/p><h2 data-start=\"2365\" data-end=\"2384\">7. Haklar\u0131n\u0131z<\/h2><p data-start=\"2385\" data-end=\"2409\">\u015eunlara hakk\u0131n\u0131z var:<\/p><ul data-start=\"2410\" data-end=\"2593\"><li data-start=\"2410\" data-end=\"2472\"><p data-start=\"2412\" data-end=\"2472\">Ki\u015fisel verilerinize eri\u015febilir, bunlar\u0131 g\u00fcncelleyebilir veya silinmesini talep edebilirsiniz.<\/p><\/li><li data-start=\"2473\" data-end=\"2535\"><p data-start=\"2475\" data-end=\"2535\">Pazarlama ileti\u015fimlerini almaktan diledi\u011finiz zaman vazge\u00e7ebilirsiniz.<\/p><\/li><li data-start=\"2536\" data-end=\"2593\"><p data-start=\"2538\" data-end=\"2593\">Verilerinizin nas\u0131l i\u015flendi\u011fi hakk\u0131nda bilgi talep edin.<\/p><\/li><\/ul><h2 data-start=\"2595\" data-end=\"2613\">8. Bize Ula\u015f\u0131n<\/h2><p data-start=\"2614\" data-end=\"2769\">Bu Gizlilik Politikas\u0131 ile ilgili herhangi bir sorunuz veya endi\u015feniz varsa, l\u00fctfen bizimle ileti\u015fime ge\u00e7in:<br data-start=\"2697\" data-end=\"2700\" \/>E-posta: <a class=\"decorated-link cursor-pointer\" rel=\"noopener\" data-start=\"2707\" data-end=\"2732\">info@hurghada-massage.com<\/a><br data-start=\"2732\" data-end=\"2735\" \/>Telefon\/WhatsApp: +20 155 310 1137<\/p>\t\t\t\t\t\t\t\t<\/div>\n\t\t\t\t\t<\/div>\n\t\t\t\t<\/div>\n\t\t\t\t<\/div>","protected":false},"excerpt":{"rendered":"<p>At our spa, we respect your privacy and are committed to protecting the personal information you share with us. This Privacy Policy explains how we collect, use, and safeguard your [&hellip;]<\/p>\n","protected":false},"author":1,"featured_media":0,"parent":0,"menu_order":0,"comment_status":"closed","ping_status":"open","template":"","meta":{"footnotes":""},"class_list":["post-589","page","type-page","status-publish","hentry"],"_hostinger_reach_plugin_has_subscription_block":false,"_hostinger_reach_plugin_is_elementor":false,"jetpack_sharing_enabled":true,"_links":{"self":[{"href":"https:\/\/hurghada-massage.com\/tr\/wp-json\/wp\/v2\/pages\/589","targetHints":{"allow":["GET"]}}],"collection":[{"href":"https:\/\/hurghada-massage.com\/tr\/wp-json\/wp\/v2\/pages"}],"about":[{"href":"https:\/\/hurghada-massage.com\/tr\/wp-json\/wp\/v2\/types\/page"}],"author":[{"embeddable":true,"href":"https:\/\/hurghada-massage.com\/tr\/wp-json\/wp\/v2\/users\/1"}],"replies":[{"embeddable":true,"href":"https:\/\/hurghada-massage.com\/tr\/wp-json\/wp\/v2\/comments?post=589"}],"version-history":[{"count":3,"href":"https:\/\/hurghada-massage.com\/tr\/wp-json\/wp\/v2\/pages\/589\/revisions"}],"predecessor-version":[{"id":1009,"href":"https:\/\/hurghada-massage.com\/tr\/wp-json\/wp\/v2\/pages\/589\/revisions\/1009"}],"wp:attachment":[{"href":"https:\/\/hurghada-massage.com\/tr\/wp-json\/wp\/v2\/media?parent=589"}],"curies":[{"name":"wp","href":"https:\/\/api.w.org\/{rel}","templated":true}]}}