{"id":589,"date":"2024-11-04T04:12:53","date_gmt":"2024-11-04T04:12:53","guid":{"rendered":"https:\/\/themegavias.com\/wp\/travivu\/?page_id=3"},"modified":"2025-09-26T23:43:41","modified_gmt":"2025-09-26T23:43:41","slug":"politica-de-confidentialitate","status":"publish","type":"page","link":"https:\/\/hurghada-massage.com\/ro\/politica-de-confidentialitate\/","title":{"rendered":"Politica de confiden\u021bialitate"},"content":{"rendered":"<div data-elementor-type=\"wp-page\" data-elementor-id=\"589\" class=\"elementor elementor-589\">\n\t\t\t\t<div class=\"elementor-element elementor-element-7a68a241 e-flex e-con-boxed e-con e-parent\" data-id=\"7a68a241\" data-element_type=\"container\">\n\t\t\t\t\t<div class=\"e-con-inner\">\n\t\t\t\t<div class=\"elementor-element elementor-element-99a105d elementor-widget elementor-widget-text-editor\" data-id=\"99a105d\" data-element_type=\"widget\" data-widget_type=\"text-editor.default\">\n\t\t\t\t\t\t\t\t\t<p data-start=\"145\" data-end=\"414\">La <strong data-start=\"148\" data-end=\"159\">spa-ul nostru<\/strong>, respect\u0103m confiden\u021bialitatea dumneavoastr\u0103 \u0219i ne angaj\u0103m s\u0103 protej\u0103m informa\u021biile personale pe care le partaja\u021bi cu noi. Aceast\u0103 Politic\u0103 de confiden\u021bialitate explic\u0103 modul \u00een care colect\u0103m, utiliz\u0103m \u0219i protej\u0103m datele dumneavoastr\u0103 atunci c\u00e2nd vizita\u021bi site-ul nostru web sau rezerva\u021bi serviciile noastre spa \u0219i wellness \u00een Hurghada.<\/p><h2 data-start=\"416\" data-end=\"446\">1. Informa\u021biile pe care le colect\u0103m<\/h2><p data-start=\"447\" data-end=\"518\">C\u00e2nd interac\u021biona\u021bi cu site-ul nostru web sau rezerva\u021bi un serviciu, este posibil s\u0103 colect\u0103m:<\/p><ul data-start=\"519\" data-end=\"866\"><li data-start=\"519\" data-end=\"619\"><p data-start=\"521\" data-end=\"619\">Informa\u021bii personale: nume, num\u0103r de telefon, adres\u0103 de e-mail, detalii despre hotel \u0219i preferin\u021be de rezervare.<\/p><\/li><li data-start=\"620\" data-end=\"734\"><p data-start=\"622\" data-end=\"734\">Informa\u021bii de plat\u0103: atunci c\u00e2nd este cazul, procesate \u00een siguran\u021b\u0103 prin intermediul unor furnizori ter\u021bi de \u00eencredere, cum ar fi PayPal.<\/p><\/li><li data-start=\"735\" data-end=\"866\"><p data-start=\"737\" data-end=\"866\">Date de utilizare: informa\u021bii despre modul \u00een care utiliza\u021bi site-ul nostru web (pagini vizitate, interog\u0103ri de c\u0103utare etc.) pentru a ne ajuta s\u0103 v\u0103 \u00eembun\u0103t\u0103\u021bim experien\u021ba.<\/p><\/li><\/ul><h2 data-start=\"868\" data-end=\"903\">2. Cum utiliz\u0103m informa\u021biile dumneavoastr\u0103<\/h2><p data-start=\"904\" data-end=\"935\">Informa\u021biile dumneavoastr\u0103 sunt utilizate pentru:<\/p><ul data-start=\"936\" data-end=\"1199\"><li data-start=\"936\" data-end=\"975\"><p data-start=\"938\" data-end=\"975\">Procesarea \u0219i confirmarea rezerv\u0103rilor.<\/p><\/li><li data-start=\"976\" data-end=\"1029\"><p data-start=\"978\" data-end=\"1029\">Oferirea de servicii de transfer \u0219i spa la cerere.<\/p><\/li><li data-start=\"1030\" data-end=\"1088\"><p data-start=\"1032\" data-end=\"1088\">Comunicarea detaliilor rezerv\u0103rii, a modific\u0103rilor sau a informa\u021biilor ulterioare.<\/p><\/li><li data-start=\"1089\" data-end=\"1148\"><p data-start=\"1091\" data-end=\"1148\">Trimiterea de actualiz\u0103ri, promo\u021bii sau oferte (dac\u0103 v\u0103 abona\u021bi).<\/p><\/li><li data-start=\"1149\" data-end=\"1199\"><p data-start=\"1151\" data-end=\"1199\">\u00cembun\u0103t\u0103\u021birea site-ului nostru web \u0219i a experien\u021bei clien\u021bilor.<\/p><\/li><\/ul><h2 data-start=\"1201\" data-end=\"1226\">3. Pl\u0103\u021bi \u0219i PayPal<\/h2><p data-start=\"1227\" data-end=\"1483\">Oferim PayPal ca op\u021biune de plat\u0103 securizat\u0103 pentru rezerv\u0103ri. C\u00e2nd alege\u021bi s\u0103 pl\u0103ti\u021bi prin PayPal, detaliile dvs. de plat\u0103 sunt procesate direct prin platforma securizat\u0103 PayPal. Nu stoc\u0103m \u0219i nu avem acces la informa\u021biile complete ale cardului dvs. de plat\u0103 pe serverele noastre.<\/p><p data-start=\"1485\" data-end=\"1724\">Prin utilizarea PayPal, sunte\u021bi de acord \u0219i cu Politica de confiden\u021bialitate \u0219i Termenii \u0219i condi\u021biile PayPal, care guverneaz\u0103 modul \u00een care sunt gestionate pl\u0103\u021bile \u0219i informa\u021biile dvs. personale. Pute\u021bi consulta politica PayPal la: <a class=\"decorated-link cursor-pointer\" target=\"_new\" rel=\"noopener\" data-start=\"1672\" data-end=\"1722\">https:\/\/www.paypal.com\/webapps\/mpp\/ua\/privacy-full<\/a><\/p><h2 data-start=\"1726\" data-end=\"1760\">4. Protec\u021bia \u0219i securitatea datelor<\/h2><p data-start=\"1761\" data-end=\"1919\">Lu\u0103m m\u0103suri tehnice \u0219i organizatorice adecvate pentru a proteja datele dumneavoastr\u0103 cu caracter personal \u00eempotriva accesului, modific\u0103rii, divulg\u0103rii sau distrugerii neautorizate.<\/p><h2 data-start=\"1921\" data-end=\"1951\">5. Partajarea informa\u021biilor<\/h2><p data-start=\"1952\" data-end=\"2046\">Nu vindem, nu \u00eenchiriem \u0219i nu facem schimb de informa\u021biile dumneavoastr\u0103 personale. Datele dumneavoastr\u0103 pot fi partajate doar cu:<\/p><ul data-start=\"2047\" data-end=\"2166\"><li data-start=\"2047\" data-end=\"2124\"><p data-start=\"2049\" data-end=\"2124\">Furnizorii de servicii \u0219i personalul direct implica\u021bi \u00een livrarea rezerv\u0103rii dumneavoastr\u0103.<\/p><\/li><li data-start=\"2125\" data-end=\"2166\"><p data-start=\"2127\" data-end=\"2166\">Autorit\u0103\u021bile legale, dac\u0103 este necesar prin lege.<\/p><\/li><\/ul><h2 data-start=\"2168\" data-end=\"2194\">6. Cookie-uri \u0219i urm\u0103rire<\/h2><p data-start=\"2195\" data-end=\"2363\">Site-ul nostru web poate utiliza cookie-uri pentru a \u00eembun\u0103t\u0103\u021bi experien\u021ba de navigare, a analiza traficul \u0219i a personaliza con\u021binutul. Pute\u021bi gestiona sau dezactiva cookie-urile prin set\u0103rile browserului dvs.<\/p><h2 data-start=\"2365\" data-end=\"2384\">7. Drepturile dumneavoastr\u0103<\/h2><p data-start=\"2385\" data-end=\"2409\">Ave\u021bi dreptul s\u0103:<\/p><ul data-start=\"2410\" data-end=\"2593\"><li data-start=\"2410\" data-end=\"2472\"><p data-start=\"2412\" data-end=\"2472\">Accesarea, actualizarea sau solicitarea \u0219tergerii datelor dumneavoastr\u0103 cu caracter personal.<\/p><\/li><li data-start=\"2473\" data-end=\"2535\"><p data-start=\"2475\" data-end=\"2535\">Renun\u021ba\u021bi oric\u00e2nd la primirea de comunic\u0103ri de marketing.<\/p><\/li><li data-start=\"2536\" data-end=\"2593\"><p data-start=\"2538\" data-end=\"2593\">Solicita\u021bi informa\u021bii despre modul \u00een care sunt prelucrate datele dumneavoastr\u0103.<\/p><\/li><\/ul><h2 data-start=\"2595\" data-end=\"2613\">8. Contacta\u021bi-ne<\/h2><p data-start=\"2614\" data-end=\"2769\">Dac\u0103 ave\u021bi \u00eentreb\u0103ri sau nel\u0103muriri cu privire la aceast\u0103 Politic\u0103 de confiden\u021bialitate, v\u0103 rug\u0103m s\u0103 ne contacta\u021bi:<br data-start=\"2697\" data-end=\"2700\" \/>E-mail: <a class=\"decorated-link cursor-pointer\" rel=\"noopener\" data-start=\"2707\" data-end=\"2732\">info@hurghada-massage.com<\/a><br data-start=\"2732\" data-end=\"2735\" \/>Telefon\/WhatsApp: +20 155 310 1137<\/p>\t\t\t\t\t\t\t\t<\/div>\n\t\t\t\t\t<\/div>\n\t\t\t\t<\/div>\n\t\t\t\t<\/div>","protected":false},"excerpt":{"rendered":"<p>At our spa, we respect your privacy and are committed to protecting the personal information you share with us. This Privacy Policy explains how we collect, use, and safeguard your [&hellip;]<\/p>\n","protected":false},"author":1,"featured_media":0,"parent":0,"menu_order":0,"comment_status":"closed","ping_status":"open","template":"","meta":{"footnotes":""},"class_list":["post-589","page","type-page","status-publish","hentry"],"_hostinger_reach_plugin_has_subscription_block":false,"_hostinger_reach_plugin_is_elementor":false,"jetpack_sharing_enabled":true,"_links":{"self":[{"href":"https:\/\/hurghada-massage.com\/ro\/wp-json\/wp\/v2\/pages\/589","targetHints":{"allow":["GET"]}}],"collection":[{"href":"https:\/\/hurghada-massage.com\/ro\/wp-json\/wp\/v2\/pages"}],"about":[{"href":"https:\/\/hurghada-massage.com\/ro\/wp-json\/wp\/v2\/types\/page"}],"author":[{"embeddable":true,"href":"https:\/\/hurghada-massage.com\/ro\/wp-json\/wp\/v2\/users\/1"}],"replies":[{"embeddable":true,"href":"https:\/\/hurghada-massage.com\/ro\/wp-json\/wp\/v2\/comments?post=589"}],"version-history":[{"count":3,"href":"https:\/\/hurghada-massage.com\/ro\/wp-json\/wp\/v2\/pages\/589\/revisions"}],"predecessor-version":[{"id":1009,"href":"https:\/\/hurghada-massage.com\/ro\/wp-json\/wp\/v2\/pages\/589\/revisions\/1009"}],"wp:attachment":[{"href":"https:\/\/hurghada-massage.com\/ro\/wp-json\/wp\/v2\/media?parent=589"}],"curies":[{"name":"wp","href":"https:\/\/api.w.org\/{rel}","templated":true}]}}