{"id":19,"date":"2025-09-25T10:28:36","date_gmt":"2025-09-25T10:28:36","guid":{"rendered":"https:\/\/hurghada-massage.com\/update1\/wordpress\/index.php\/my-account\/"},"modified":"2025-10-03T00:02:28","modified_gmt":"2025-10-03T00:02:28","slug":"my-account","status":"publish","type":"page","link":"https:\/\/hurghada-massage.com\/ro\/my-account\/","title":{"rendered":"My Account"},"content":{"rendered":"<div class=\"wpte-lrf-wrap wpte-login\" >\n\t<div class=\"wpte-lrf-top\">\n\t\t<form method=\"post\" class=\"wpte-lrf\" action=\"\">\n\t\t\t\t\t\t\t\t\t\t<div class=\"wpte-lrf-right\">\n\t\t\t\t\t<div class=\"wpte-lrf-head\">\n\t\t\t\t\t\t<h2 class=\"wpte-lrf-title\">\n\t\t\t\t\t\t\tConecta\u021bi-v\u0103 la contul dvs.\t\t\t\t\t\t<\/h2>\n\t\t\t\t\t<\/div>\n\t\t\t\t\t<div class=\"wpte-form-field wpte-material-ui-input-control\">\n\t\t\t\t\t\t<label for=\"username\">Nume utilizator sau email<span class=\"required\">*<\/span><\/label>\n\t\t\t\t\t\t<input id=\"username\" required data-parsley-required-message=\"Te rog s\u0103 introduci o adres\u0103 de email valid\u0103 sau un nume de utilizator valid\" type=\"text\" name=\"username\" value=\"\" placeholder=\"Email sau nume utilizator\">\n\t\t\t\t\t\t<fieldset>\n\t\t\t\t\t\t\t<legend>\n\t\t\t\t\t\t\t\t<span>Nume utilizator sau email<span class=\"required\">*<\/span><\/span>\n\t\t\t\t\t\t\t<\/legend>\n\t\t\t\t\t\t<\/fieldset>\n\t\t\t\t\t<\/div>\n\t\t\t\t\t<div class=\"wpte-form-field wpte-material-ui-input-control\">\n\t\t\t\t\t\t<label>Parol\u0103<span class=\"required\">*<\/span><\/label>\n\t\t\t\t\t\t<input required data-parsley-required-message=\"Te rog s\u0103 introduci parola\" type=\"password\" name=\"password\" value=\"\" placeholder=\"Parol\u0103\">\n\t\t\t\t\t\t<fieldset>\n\t\t\t\t\t\t\t<legend>\n\t\t\t\t\t\t\t\t<span>Parol\u0103<span class=\"required\">*<\/span><\/span>\n\t\t\t\t\t\t\t<\/legend>\n\t\t\t\t\t\t<\/fieldset>\n\t\t\t\t\t<\/div>\n\t\t\t\t\t<div class=\"wpte-form-field lrf-rememberme\">\n\t\t\t\t\t\t<div>\n\t\t\t\t\t\t\t<input type=\"hidden\" id=\"wp-travel-engine-login-nonce\" name=\"wp-travel-engine-login-nonce\" value=\"c0480c58de\" \/><input type=\"hidden\" name=\"_wp_http_referer\" value=\"\/ro\/wp-json\/wp\/v2\/pages\/19\" \/>\t\t\t\t\t\t\t<label for=\"rememberme\">\n\t\t\t\t\t\t\t\t<input class=\"\" name=\"rememberme\" type=\"checkbox\" id=\"rememberme\" value=\"forever\" \/>\n\t\t\t\t\t\t\t\t\u021aine-m\u0103 minte\t\t\t\t\t\t\t<\/label>\n\t\t\t\t\t\t<\/div>\n\t\t\t\t\t\t<a href=\"https:\/\/hurghada-massage.com\/ro\/my-account\/?action=lost-pass\">Ai uitat parola?<\/a>\n\t\t\t\t\t<\/div>\n\t\t\t\t\t<div class=\"wpte-form-field wpte-form-submit\">\n\t\t\t\t\t\t<input type=\"submit\" name=\"login\" value=\"Autentificare\">\n\t\t\t\t\t<\/div>\n\t\t\t\t\t\t\t\t\t<\/div>\n\t\t\t\n\t\t<input type=\"hidden\" name=\"trp-form-language\" value=\"ro\"\/><\/form>\n\t<\/div>\n<\/div>","protected":false},"excerpt":{"rendered":"","protected":false},"author":1,"featured_media":0,"parent":0,"menu_order":0,"comment_status":"closed","ping_status":"closed","template":"","meta":{"footnotes":""},"class_list":["post-19","page","type-page","status-publish","hentry"],"_hostinger_reach_plugin_has_subscription_block":false,"_hostinger_reach_plugin_is_elementor":false,"jetpack_sharing_enabled":true,"_links":{"self":[{"href":"https:\/\/hurghada-massage.com\/ro\/wp-json\/wp\/v2\/pages\/19","targetHints":{"allow":["GET"]}}],"collection":[{"href":"https:\/\/hurghada-massage.com\/ro\/wp-json\/wp\/v2\/pages"}],"about":[{"href":"https:\/\/hurghada-massage.com\/ro\/wp-json\/wp\/v2\/types\/page"}],"author":[{"embeddable":true,"href":"https:\/\/hurghada-massage.com\/ro\/wp-json\/wp\/v2\/users\/1"}],"replies":[{"embeddable":true,"href":"https:\/\/hurghada-massage.com\/ro\/wp-json\/wp\/v2\/comments?post=19"}],"version-history":[{"count":2,"href":"https:\/\/hurghada-massage.com\/ro\/wp-json\/wp\/v2\/pages\/19\/revisions"}],"predecessor-version":[{"id":1280,"href":"https:\/\/hurghada-massage.com\/ro\/wp-json\/wp\/v2\/pages\/19\/revisions\/1280"}],"wp:attachment":[{"href":"https:\/\/hurghada-massage.com\/ro\/wp-json\/wp\/v2\/media?parent=19"}],"curies":[{"name":"wp","href":"https:\/\/api.w.org\/{rel}","templated":true}]}}