{"id":589,"date":"2024-11-04T04:12:53","date_gmt":"2024-11-04T04:12:53","guid":{"rendered":"https:\/\/themegavias.com\/wp\/travivu\/?page_id=3"},"modified":"2025-09-26T23:43:41","modified_gmt":"2025-09-26T23:43:41","slug":"polityka-prywatnosci","status":"publish","type":"page","link":"https:\/\/hurghada-massage.com\/pl\/polityka-prywatnosci\/","title":{"rendered":"Polityka prywatno\u015bci"},"content":{"rendered":"<div data-elementor-type=\"wp-page\" data-elementor-id=\"589\" class=\"elementor elementor-589\">\n\t\t\t\t<div class=\"elementor-element elementor-element-7a68a241 e-flex e-con-boxed e-con e-parent\" data-id=\"7a68a241\" data-element_type=\"container\">\n\t\t\t\t\t<div class=\"e-con-inner\">\n\t\t\t\t<div class=\"elementor-element elementor-element-99a105d elementor-widget elementor-widget-text-editor\" data-id=\"99a105d\" data-element_type=\"widget\" data-widget_type=\"text-editor.default\">\n\t\t\t\t\t\t\t\t\t<p data-start=\"145\" data-end=\"414\">W <strong data-start=\"148\" data-end=\"159\">nasze spa<\/strong>, Szanujemy Twoj\u0105 prywatno\u015b\u0107 i dok\u0142adamy wszelkich stara\u0144, aby chroni\u0107 Twoje dane osobowe, kt\u00f3rymi si\u0119 z nami dzielisz. Niniejsza Polityka Prywatno\u015bci wyja\u015bnia, w jaki spos\u00f3b gromadzimy, wykorzystujemy i chronimy Twoje dane, gdy odwiedzasz nasz\u0105 stron\u0119 internetow\u0105 lub rezerwujesz nasze us\u0142ugi spa i wellness w Hurghadzie.<\/p><h2 data-start=\"416\" data-end=\"446\">1. Informacje, kt\u00f3re zbieramy<\/h2><p data-start=\"447\" data-end=\"518\">Kiedy korzystasz z naszej witryny internetowej lub rezerwujesz us\u0142ug\u0119, mo\u017cemy zbiera\u0107:<\/p><ul data-start=\"519\" data-end=\"866\"><li data-start=\"519\" data-end=\"619\"><p data-start=\"521\" data-end=\"619\">Dane osobowe: imi\u0119 i nazwisko, numer telefonu, adres e-mail, dane hotelu i preferencje dotycz\u0105ce rezerwacji.<\/p><\/li><li data-start=\"620\" data-end=\"734\"><p data-start=\"622\" data-end=\"734\">Informacje o p\u0142atno\u015bciach: w stosownych przypadkach przetwarzane w spos\u00f3b bezpieczny za po\u015brednictwem zaufanych zewn\u0119trznych dostawc\u00f3w, takich jak PayPal.<\/p><\/li><li data-start=\"735\" data-end=\"866\"><p data-start=\"737\" data-end=\"866\">Dane dotycz\u0105ce u\u017cytkowania: informacje o tym, jak korzystasz z naszej witryny internetowej (odwiedzane strony, wyszukiwane has\u0142a itp.), kt\u00f3re pomagaj\u0105 nam udoskonala\u0107 Twoje do\u015bwiadczenia.<\/p><\/li><\/ul><h2 data-start=\"868\" data-end=\"903\">2. Jak wykorzystujemy Twoje dane<\/h2><p data-start=\"904\" data-end=\"935\">Twoje dane s\u0105 wykorzystywane w celu:<\/p><ul data-start=\"936\" data-end=\"1199\"><li data-start=\"936\" data-end=\"975\"><p data-start=\"938\" data-end=\"975\">Przetwarzanie i potwierdzanie rezerwacji.<\/p><\/li><li data-start=\"976\" data-end=\"1029\"><p data-start=\"978\" data-end=\"1029\">Zapewniamy transfer i us\u0142ugi spa na \u017cyczenie.<\/p><\/li><li data-start=\"1030\" data-end=\"1088\"><p data-start=\"1032\" data-end=\"1088\">Przekazywanie szczeg\u00f3\u0142\u00f3w rezerwacji, zmian i dzia\u0142a\u0144 nast\u0119pczych.<\/p><\/li><li data-start=\"1089\" data-end=\"1148\"><p data-start=\"1091\" data-end=\"1148\">Wysy\u0142anie aktualizacji, promocji i ofert (je\u015bli wyrazisz na to zgod\u0119).<\/p><\/li><li data-start=\"1149\" data-end=\"1199\"><p data-start=\"1151\" data-end=\"1199\">Udoskonalanie naszej witryny internetowej i do\u015bwiadcze\u0144 klient\u00f3w.<\/p><\/li><\/ul><h2 data-start=\"1201\" data-end=\"1226\">3. P\u0142atno\u015bci i PayPal<\/h2><p data-start=\"1227\" data-end=\"1483\">Oferujemy PayPal jako bezpieczn\u0105 opcj\u0119 p\u0142atno\u015bci za rezerwacje. Wybieraj\u0105c p\u0142atno\u015b\u0107 przez PayPal, Twoje dane p\u0142atnicze s\u0105 przetwarzane bezpo\u015brednio przez bezpieczn\u0105 platform\u0119 PayPal. Nie przechowujemy ani nie mamy dost\u0119pu do pe\u0142nych danych Twojej karty p\u0142atniczej na naszych serwerach.<\/p><p data-start=\"1485\" data-end=\"1724\">Korzystaj\u0105c z PayPal, akceptujesz r\u00f3wnie\u017c Polityk\u0119 Prywatno\u015bci i Warunki Korzystania z Us\u0142ug PayPal, kt\u00f3re reguluj\u0105 spos\u00f3b przetwarzania Twoich p\u0142atno\u015bci i danych osobowych. Polityk\u0119 PayPal mo\u017cna znale\u017a\u0107 pod adresem: <a class=\"decorated-link cursor-pointer\" target=\"_new\" rel=\"noopener\" data-start=\"1672\" data-end=\"1722\">https:\/\/www.paypal.com\/webapps\/mpp\/ua\/privacy-full<\/a><\/p><h2 data-start=\"1726\" data-end=\"1760\">4. Ochrona i bezpiecze\u0144stwo danych<\/h2><p data-start=\"1761\" data-end=\"1919\">Podejmujemy odpowiednie \u015brodki techniczne i organizacyjne w celu ochrony Twoich danych osobowych przed nieautoryzowanym dost\u0119pem, zmian\u0105, ujawnieniem lub zniszczeniem.<\/p><h2 data-start=\"1921\" data-end=\"1951\">5. Udost\u0119pnianie informacji<\/h2><p data-start=\"1952\" data-end=\"2046\">Nie sprzedajemy, nie wynajmujemy ani nie wymieniamy Twoich danych osobowych. Twoje dane mog\u0105 by\u0107 udost\u0119pniane wy\u0142\u0105cznie:<\/p><ul data-start=\"2047\" data-end=\"2166\"><li data-start=\"2047\" data-end=\"2124\"><p data-start=\"2049\" data-end=\"2124\">Dostawcy us\u0142ug i pracownicy bezpo\u015brednio zaanga\u017cowani w realizacj\u0119 Twojej rezerwacji.<\/p><\/li><li data-start=\"2125\" data-end=\"2166\"><p data-start=\"2127\" data-end=\"2166\">Organy prawne, je\u015bli wymaga tego prawo.<\/p><\/li><\/ul><h2 data-start=\"2168\" data-end=\"2194\">6. Pliki cookie i \u015bledzenie<\/h2><p data-start=\"2195\" data-end=\"2363\">Nasza strona internetowa mo\u017ce wykorzystywa\u0107 pliki cookie w celu usprawnienia przegl\u0105dania, analizowania ruchu i personalizacji tre\u015bci. Mo\u017cesz zarz\u0105dza\u0107 plikami cookie lub je wy\u0142\u0105czy\u0107 w ustawieniach swojej przegl\u0105darki.<\/p><h2 data-start=\"2365\" data-end=\"2384\">7. Twoje prawa<\/h2><p data-start=\"2385\" data-end=\"2409\">Masz prawo do:<\/p><ul data-start=\"2410\" data-end=\"2593\"><li data-start=\"2410\" data-end=\"2472\"><p data-start=\"2412\" data-end=\"2472\">Uzyskaj dost\u0119p, zaktualizuj lub popro\u015b o usuni\u0119cie swoich danych osobowych.<\/p><\/li><li data-start=\"2473\" data-end=\"2535\"><p data-start=\"2475\" data-end=\"2535\">Mo\u017cesz w ka\u017cdej chwili zrezygnowa\u0107 z otrzymywania komunikat\u00f3w marketingowych.<\/p><\/li><li data-start=\"2536\" data-end=\"2593\"><p data-start=\"2538\" data-end=\"2593\">Popro\u015b o informacj\u0119 o tym, jak przetwarzane s\u0105 Twoje dane.<\/p><\/li><\/ul><h2 data-start=\"2595\" data-end=\"2613\">8. Skontaktuj si\u0119 z nami<\/h2><p data-start=\"2614\" data-end=\"2769\">Je\u015bli masz jakiekolwiek pytania lub w\u0105tpliwo\u015bci dotycz\u0105ce niniejszej Polityki prywatno\u015bci, skontaktuj si\u0119 z nami:<br data-start=\"2697\" data-end=\"2700\" \/>E-mail: <a class=\"decorated-link cursor-pointer\" rel=\"noopener\" data-start=\"2707\" data-end=\"2732\">info@hurghada-massage.com<\/a><br data-start=\"2732\" data-end=\"2735\" \/>Telefon\/WhatsApp: +20 155 310 1137<\/p>\t\t\t\t\t\t\t\t<\/div>\n\t\t\t\t\t<\/div>\n\t\t\t\t<\/div>\n\t\t\t\t<\/div>","protected":false},"excerpt":{"rendered":"<p>At our spa, we respect your privacy and are committed to protecting the personal information you share with us. This Privacy Policy explains how we collect, use, and safeguard your [&hellip;]<\/p>\n","protected":false},"author":1,"featured_media":0,"parent":0,"menu_order":0,"comment_status":"closed","ping_status":"open","template":"","meta":{"footnotes":""},"class_list":["post-589","page","type-page","status-publish","hentry"],"_hostinger_reach_plugin_has_subscription_block":false,"_hostinger_reach_plugin_is_elementor":false,"jetpack_sharing_enabled":true,"_links":{"self":[{"href":"https:\/\/hurghada-massage.com\/pl\/wp-json\/wp\/v2\/pages\/589","targetHints":{"allow":["GET"]}}],"collection":[{"href":"https:\/\/hurghada-massage.com\/pl\/wp-json\/wp\/v2\/pages"}],"about":[{"href":"https:\/\/hurghada-massage.com\/pl\/wp-json\/wp\/v2\/types\/page"}],"author":[{"embeddable":true,"href":"https:\/\/hurghada-massage.com\/pl\/wp-json\/wp\/v2\/users\/1"}],"replies":[{"embeddable":true,"href":"https:\/\/hurghada-massage.com\/pl\/wp-json\/wp\/v2\/comments?post=589"}],"version-history":[{"count":3,"href":"https:\/\/hurghada-massage.com\/pl\/wp-json\/wp\/v2\/pages\/589\/revisions"}],"predecessor-version":[{"id":1009,"href":"https:\/\/hurghada-massage.com\/pl\/wp-json\/wp\/v2\/pages\/589\/revisions\/1009"}],"wp:attachment":[{"href":"https:\/\/hurghada-massage.com\/pl\/wp-json\/wp\/v2\/media?parent=589"}],"curies":[{"name":"wp","href":"https:\/\/api.w.org\/{rel}","templated":true}]}}