{"id":589,"date":"2024-11-04T04:12:53","date_gmt":"2024-11-04T04:12:53","guid":{"rendered":"https:\/\/themegavias.com\/wp\/travivu\/?page_id=3"},"modified":"2025-09-26T23:43:41","modified_gmt":"2025-09-26T23:43:41","slug":"adatvedelmi-iranyelvek","status":"publish","type":"page","link":"https:\/\/hurghada-massage.com\/hu\/adatvedelmi-iranyelvek\/","title":{"rendered":"Adatv\u00e9delmi ir\u00e1nyelvek"},"content":{"rendered":"<div data-elementor-type=\"wp-page\" data-elementor-id=\"589\" class=\"elementor elementor-589\">\n\t\t\t\t<div class=\"elementor-element elementor-element-7a68a241 e-flex e-con-boxed e-con e-parent\" data-id=\"7a68a241\" data-element_type=\"container\">\n\t\t\t\t\t<div class=\"e-con-inner\">\n\t\t\t\t<div class=\"elementor-element elementor-element-99a105d elementor-widget elementor-widget-text-editor\" data-id=\"99a105d\" data-element_type=\"widget\" data-widget_type=\"text-editor.default\">\n\t\t\t\t\t\t\t\t\t<p data-start=\"145\" data-end=\"414\">A <strong data-start=\"148\" data-end=\"159\">a gy\u00f3gyf\u00fcrd\u0151nk<\/strong>, tiszteletben tartjuk az \u00d6n adatainak v\u00e9delm\u00e9t, \u00e9s elk\u00f6telezettek vagyunk az \u00d6n \u00e1ltal megosztott szem\u00e9lyes adatok v\u00e9delme ir\u00e1nt. Ez az Adatv\u00e9delmi Szab\u00e1lyzat ismerteti, hogyan gy\u0171jtj\u00fck, haszn\u00e1ljuk fel \u00e9s v\u00e9dj\u00fck az \u00d6n adatait, amikor megl\u00e1togatja weboldalunkat, vagy lefoglalja gy\u00f3gyf\u00fcrd\u0151i \u00e9s wellness szolg\u00e1ltat\u00e1sainkat Hurghad\u00e1ban.<\/p><h2 data-start=\"416\" data-end=\"446\">1. Az \u00e1ltalunk gy\u0171jt\u00f6tt inform\u00e1ci\u00f3k<\/h2><p data-start=\"447\" data-end=\"518\">Amikor kapcsolatba l\u00e9p weboldalunkkal vagy szolg\u00e1ltat\u00e1st foglal, a k\u00f6vetkez\u0151 adatokat gy\u0171jthetj\u00fck:<\/p><ul data-start=\"519\" data-end=\"866\"><li data-start=\"519\" data-end=\"619\"><p data-start=\"521\" data-end=\"619\">Szem\u00e9lyes adatok: n\u00e9v, telefonsz\u00e1m, e-mail c\u00edm, sz\u00e1llodai adatok \u00e9s foglal\u00e1si preferenci\u00e1k.<\/p><\/li><li data-start=\"620\" data-end=\"734\"><p data-start=\"622\" data-end=\"734\">Fizet\u00e9si inform\u00e1ci\u00f3k: adott esetben biztons\u00e1gosan feldolgozva megb\u00edzhat\u00f3 harmadik f\u00e9l szolg\u00e1ltat\u00f3kon, p\u00e9ld\u00e1ul a PayPalon kereszt\u00fcl.<\/p><\/li><li data-start=\"735\" data-end=\"866\"><p data-start=\"737\" data-end=\"866\">Haszn\u00e1lati adatok: inform\u00e1ci\u00f3k arr\u00f3l, hogyan haszn\u00e1lja weboldalunkat (megl\u00e1togatott oldalak, keres\u00e9si lek\u00e9rdez\u00e9sek stb.), amelyek seg\u00edtenek nek\u00fcnk a felhaszn\u00e1l\u00f3i \u00e9lm\u00e9ny jav\u00edt\u00e1s\u00e1ban.<\/p><\/li><\/ul><h2 data-start=\"868\" data-end=\"903\">2. Hogyan haszn\u00e1ljuk fel az \u00d6n adatait<\/h2><p data-start=\"904\" data-end=\"935\">Az \u00d6n adatait a k\u00f6vetkez\u0151kre haszn\u00e1ljuk fel:<\/p><ul data-start=\"936\" data-end=\"1199\"><li data-start=\"936\" data-end=\"975\"><p data-start=\"938\" data-end=\"975\">Foglal\u00e1sok feldolgoz\u00e1sa \u00e9s visszaigazol\u00e1sa.<\/p><\/li><li data-start=\"976\" data-end=\"1029\"><p data-start=\"978\" data-end=\"1029\">Ig\u00e9ny szerint transzfer \u00e9s wellness szolg\u00e1ltat\u00e1sok biztos\u00edt\u00e1sa.<\/p><\/li><li data-start=\"1030\" data-end=\"1088\"><p data-start=\"1032\" data-end=\"1088\">Foglal\u00e1si r\u00e9szletek, v\u00e1ltoztat\u00e1sok vagy ut\u00f3lagos teend\u0151k k\u00f6zl\u00e9se.<\/p><\/li><li data-start=\"1089\" data-end=\"1148\"><p data-start=\"1091\" data-end=\"1148\">Friss\u00edt\u00e9sek, prom\u00f3ci\u00f3k vagy aj\u00e1nlatok k\u00fcld\u00e9se (ha feliratkozik).<\/p><\/li><li data-start=\"1149\" data-end=\"1199\"><p data-start=\"1151\" data-end=\"1199\">Weboldalunk \u00e9s \u00fcgyf\u00e9l\u00e9lm\u00e9ny\u00fcnk fejleszt\u00e9se.<\/p><\/li><\/ul><h2 data-start=\"1201\" data-end=\"1226\">3. Fizet\u00e9sek \u00e9s PayPal<\/h2><p data-start=\"1227\" data-end=\"1483\">Biztons\u00e1gos fizet\u00e9si m\u00f3dk\u00e9nt PayPalt k\u00edn\u00e1lunk foglal\u00e1sokhoz. Amikor PayPal-on kereszt\u00fcl fizet, fizet\u00e9si adatait k\u00f6zvetlen\u00fcl a PayPal biztons\u00e1gos platformj\u00e1n kereszt\u00fcl dolgozzuk fel. A teljes fizet\u00e9si k\u00e1rtyaadatait nem t\u00e1roljuk, \u00e9s nincs hozz\u00e1f\u00e9r\u00e9s\u00fcnk a szervereinken.<\/p><p data-start=\"1485\" data-end=\"1724\">A PayPal haszn\u00e1lat\u00e1val \u00d6n elfogadja a PayPal saj\u00e1t Adatv\u00e9delmi Szab\u00e1lyzat\u00e1t \u00e9s Szolg\u00e1ltat\u00e1si Felt\u00e9teleit is, amelyek szab\u00e1lyozz\u00e1k a fizet\u00e9si \u00e9s szem\u00e9lyes adatainak kezel\u00e9s\u00e9t. A PayPal szab\u00e1lyzat\u00e1t a k\u00f6vetkez\u0151 c\u00edmen tekintheti meg: <a class=\"decorated-link cursor-pointer\" target=\"_new\" rel=\"noopener\" data-start=\"1672\" data-end=\"1722\">https:\/\/www.paypal.com\/webapps\/mpp\/ua\/privacy-full<\/a><\/p><h2 data-start=\"1726\" data-end=\"1760\">4. Adatv\u00e9delem \u00e9s biztons\u00e1g<\/h2><p data-start=\"1761\" data-end=\"1919\">Megfelel\u0151 technikai \u00e9s szervez\u00e9si int\u00e9zked\u00e9seket tesz\u00fcnk szem\u00e9lyes adatainak jogosulatlan hozz\u00e1f\u00e9r\u00e9s, megv\u00e1ltoztat\u00e1s, nyilv\u00e1noss\u00e1gra hozatal vagy megsemmis\u00edt\u00e9s elleni v\u00e9delme \u00e9rdek\u00e9ben.<\/p><h2 data-start=\"1921\" data-end=\"1951\">5. Inform\u00e1ci\u00f3megoszt\u00e1s<\/h2><p data-start=\"1952\" data-end=\"2046\">Szem\u00e9lyes adatait nem adjuk el, nem adjuk b\u00e9rbe \u00e9s nem cser\u00e9lj\u00fck el. Adatait csak a k\u00f6vetkez\u0151kkel oszthatjuk meg:<\/p><ul data-start=\"2047\" data-end=\"2166\"><li data-start=\"2047\" data-end=\"2124\"><p data-start=\"2049\" data-end=\"2124\">Szolg\u00e1ltat\u00f3k \u00e9s a foglal\u00e1s k\u00e9zbes\u00edt\u00e9s\u00e9ben k\u00f6zvetlen\u00fcl r\u00e9szt vev\u0151 szem\u00e9lyzet.<\/p><\/li><li data-start=\"2125\" data-end=\"2166\"><p data-start=\"2127\" data-end=\"2166\">Jogi hat\u00f3s\u00e1gok, ha a t\u00f6rv\u00e9ny el\u0151\u00edrja.<\/p><\/li><\/ul><h2 data-start=\"2168\" data-end=\"2194\">6. S\u00fctik \u00e9s k\u00f6vet\u00e9s<\/h2><p data-start=\"2195\" data-end=\"2363\">Weboldalunk s\u00fctiket haszn\u00e1lhat a b\u00f6ng\u00e9sz\u00e9si \u00e9lm\u00e9ny jav\u00edt\u00e1sa, a forgalom elemz\u00e9se \u00e9s a tartalom szem\u00e9lyre szab\u00e1sa \u00e9rdek\u00e9ben. A s\u00fctiket a b\u00f6ng\u00e9sz\u0151 be\u00e1ll\u00edt\u00e1sain kereszt\u00fcl kezelheti vagy letilthatja.<\/p><h2 data-start=\"2365\" data-end=\"2384\">7. Az \u00d6n jogai<\/h2><p data-start=\"2385\" data-end=\"2409\">\u00d6nnek joga van a k\u00f6vetkez\u0151kh\u00f6z:<\/p><ul data-start=\"2410\" data-end=\"2593\"><li data-start=\"2410\" data-end=\"2472\"><p data-start=\"2412\" data-end=\"2472\">Szem\u00e9lyes adataihoz hozz\u00e1f\u00e9rhet, friss\u00edtheti vagy k\u00e9rheti azok t\u00f6rl\u00e9s\u00e9t.<\/p><\/li><li data-start=\"2473\" data-end=\"2535\"><p data-start=\"2475\" data-end=\"2535\">B\u00e1rmikor leiratkozhat marketingkommunik\u00e1ci\u00f3 fogad\u00e1s\u00e1r\u00f3l.<\/p><\/li><li data-start=\"2536\" data-end=\"2593\"><p data-start=\"2538\" data-end=\"2593\">K\u00e9rjen inform\u00e1ci\u00f3t arr\u00f3l, hogyan kezelj\u00fck az adatait.<\/p><\/li><\/ul><h2 data-start=\"2595\" data-end=\"2613\">8. Kapcsolatfelv\u00e9tel<\/h2><p data-start=\"2614\" data-end=\"2769\">Ha b\u00e1rmilyen k\u00e9rd\u00e9se vagy agg\u00e1lya van az Adatv\u00e9delmi Szab\u00e1lyzattal kapcsolatban, k\u00e9rj\u00fck, vegye fel vel\u00fcnk a kapcsolatot:<br data-start=\"2697\" data-end=\"2700\" \/>Email: <a class=\"decorated-link cursor-pointer\" rel=\"noopener\" data-start=\"2707\" data-end=\"2732\">info@hurghada-massage.com<\/a><br data-start=\"2732\" data-end=\"2735\" \/>Telefon\/WhatsApp: +20 155 310 1137<\/p>\t\t\t\t\t\t\t\t<\/div>\n\t\t\t\t\t<\/div>\n\t\t\t\t<\/div>\n\t\t\t\t<\/div>","protected":false},"excerpt":{"rendered":"<p>At our spa, we respect your privacy and are committed to protecting the personal information you share with us. This Privacy Policy explains how we collect, use, and safeguard your [&hellip;]<\/p>\n","protected":false},"author":1,"featured_media":0,"parent":0,"menu_order":0,"comment_status":"closed","ping_status":"open","template":"","meta":{"footnotes":""},"class_list":["post-589","page","type-page","status-publish","hentry"],"_hostinger_reach_plugin_has_subscription_block":false,"_hostinger_reach_plugin_is_elementor":false,"jetpack_sharing_enabled":true,"_links":{"self":[{"href":"https:\/\/hurghada-massage.com\/hu\/wp-json\/wp\/v2\/pages\/589","targetHints":{"allow":["GET"]}}],"collection":[{"href":"https:\/\/hurghada-massage.com\/hu\/wp-json\/wp\/v2\/pages"}],"about":[{"href":"https:\/\/hurghada-massage.com\/hu\/wp-json\/wp\/v2\/types\/page"}],"author":[{"embeddable":true,"href":"https:\/\/hurghada-massage.com\/hu\/wp-json\/wp\/v2\/users\/1"}],"replies":[{"embeddable":true,"href":"https:\/\/hurghada-massage.com\/hu\/wp-json\/wp\/v2\/comments?post=589"}],"version-history":[{"count":3,"href":"https:\/\/hurghada-massage.com\/hu\/wp-json\/wp\/v2\/pages\/589\/revisions"}],"predecessor-version":[{"id":1009,"href":"https:\/\/hurghada-massage.com\/hu\/wp-json\/wp\/v2\/pages\/589\/revisions\/1009"}],"wp:attachment":[{"href":"https:\/\/hurghada-massage.com\/hu\/wp-json\/wp\/v2\/media?parent=589"}],"curies":[{"name":"wp","href":"https:\/\/api.w.org\/{rel}","templated":true}]}}