{"id":589,"date":"2024-11-04T04:12:53","date_gmt":"2024-11-04T04:12:53","guid":{"rendered":"https:\/\/themegavias.com\/wp\/travivu\/?page_id=3"},"modified":"2025-09-26T23:43:41","modified_gmt":"2025-09-26T23:43:41","slug":"politique-de-confidentialite","status":"publish","type":"page","link":"https:\/\/hurghada-massage.com\/fr\/politique-de-confidentialite\/","title":{"rendered":"Politique de confidentialit\u00e9"},"content":{"rendered":"<div data-elementor-type=\"wp-page\" data-elementor-id=\"589\" class=\"elementor elementor-589\">\n\t\t\t\t<div class=\"elementor-element elementor-element-7a68a241 e-flex e-con-boxed e-con e-parent\" data-id=\"7a68a241\" data-element_type=\"container\">\n\t\t\t\t\t<div class=\"e-con-inner\">\n\t\t\t\t<div class=\"elementor-element elementor-element-99a105d elementor-widget elementor-widget-text-editor\" data-id=\"99a105d\" data-element_type=\"widget\" data-widget_type=\"text-editor.default\">\n\t\t\t\t\t\t\t\t\t<p data-start=\"145\" data-end=\"414\">\u00c0 <strong data-start=\"148\" data-end=\"159\">notre spa<\/strong>, Nous respectons votre vie priv\u00e9e et nous engageons \u00e0 prot\u00e9ger les informations personnelles que vous nous communiquez. La pr\u00e9sente politique de confidentialit\u00e9 explique comment nous recueillons, utilisons et prot\u00e9geons vos donn\u00e9es lorsque vous consultez notre site web ou r\u00e9servez nos services de spa et de bien-\u00eatre \u00e0 Hurghada.<\/p><h2 data-start=\"416\" data-end=\"446\">1. Informations que nous recueillons<\/h2><p data-start=\"447\" data-end=\"518\">Lorsque vous interagissez avec notre site web ou r\u00e9servez un service, nous pouvons collecter\u00a0:<\/p><ul data-start=\"519\" data-end=\"866\"><li data-start=\"519\" data-end=\"619\"><p data-start=\"521\" data-end=\"619\">Informations personnelles\u00a0: nom, num\u00e9ro de t\u00e9l\u00e9phone, adresse e-mail, informations sur l\u2019h\u00f4tel et pr\u00e9f\u00e9rences de r\u00e9servation.<\/p><\/li><li data-start=\"620\" data-end=\"734\"><p data-start=\"622\" data-end=\"734\">Informations de paiement\u00a0: le cas \u00e9ch\u00e9ant, trait\u00e9es de mani\u00e8re s\u00e9curis\u00e9e par des prestataires tiers de confiance tels que PayPal.<\/p><\/li><li data-start=\"735\" data-end=\"866\"><p data-start=\"737\" data-end=\"866\">Donn\u00e9es d&#039;utilisation\u00a0: informations sur la fa\u00e7on dont vous utilisez notre site web (pages visit\u00e9es, requ\u00eates de recherche, etc.) afin de nous aider \u00e0 am\u00e9liorer votre exp\u00e9rience.<\/p><\/li><\/ul><h2 data-start=\"868\" data-end=\"903\">2. Comment nous utilisons vos informations<\/h2><p data-start=\"904\" data-end=\"935\">Vos informations sont utilis\u00e9es pour\u00a0:<\/p><ul data-start=\"936\" data-end=\"1199\"><li data-start=\"936\" data-end=\"975\"><p data-start=\"938\" data-end=\"975\">Traitement et confirmation des r\u00e9servations.<\/p><\/li><li data-start=\"976\" data-end=\"1029\"><p data-start=\"978\" data-end=\"1029\">Nous proposons des services de transfert et de spa sur demande.<\/p><\/li><li data-start=\"1030\" data-end=\"1088\"><p data-start=\"1032\" data-end=\"1088\">Communiquer les d\u00e9tails des r\u00e9servations, les modifications ou les suivis.<\/p><\/li><li data-start=\"1089\" data-end=\"1148\"><p data-start=\"1091\" data-end=\"1148\">Envoi de mises \u00e0 jour, de promotions ou d&#039;offres (si vous y consentez).<\/p><\/li><li data-start=\"1149\" data-end=\"1199\"><p data-start=\"1151\" data-end=\"1199\">Am\u00e9liorer notre site web et l&#039;exp\u00e9rience client.<\/p><\/li><\/ul><h2 data-start=\"1201\" data-end=\"1226\">3. Paiements et PayPal<\/h2><p data-start=\"1227\" data-end=\"1483\">Nous proposons PayPal comme moyen de paiement s\u00e9curis\u00e9 pour vos r\u00e9servations. Lorsque vous choisissez de payer via PayPal, vos informations de paiement sont trait\u00e9es directement par la plateforme s\u00e9curis\u00e9e de PayPal. Nous ne stockons ni n&#039;avons acc\u00e8s \u00e0 l&#039;int\u00e9gralit\u00e9 des informations de votre carte bancaire sur nos serveurs.<\/p><p data-start=\"1485\" data-end=\"1724\">En utilisant PayPal, vous acceptez \u00e9galement la Politique de confidentialit\u00e9 et les Conditions d&#039;utilisation de PayPal, qui r\u00e9gissent le traitement de vos informations de paiement et personnelles. Vous pouvez consulter la politique de PayPal \u00e0 l&#039;adresse suivante\u00a0: <a class=\"decorated-link cursor-pointer\" target=\"_new\" rel=\"noopener\" data-start=\"1672\" data-end=\"1722\">https:\/\/www.paypal.com\/webapps\/mpp\/ua\/privacy-full<\/a><\/p><h2 data-start=\"1726\" data-end=\"1760\">4. Protection et s\u00e9curit\u00e9 des donn\u00e9es<\/h2><p data-start=\"1761\" data-end=\"1919\">Nous prenons les mesures techniques et organisationnelles appropri\u00e9es pour prot\u00e9ger vos donn\u00e9es personnelles contre tout acc\u00e8s, modification, divulgation ou destruction non autoris\u00e9s.<\/p><h2 data-start=\"1921\" data-end=\"1951\">5. Partage d&#039;informations<\/h2><p data-start=\"1952\" data-end=\"2046\">Nous ne vendons, ne louons ni n&#039;\u00e9changeons vos informations personnelles. Vos donn\u00e9es ne peuvent \u00eatre partag\u00e9es qu&#039;avec\u00a0:<\/p><ul data-start=\"2047\" data-end=\"2166\"><li data-start=\"2047\" data-end=\"2124\"><p data-start=\"2049\" data-end=\"2124\">Les prestataires de services et le personnel directement impliqu\u00e9s dans la r\u00e9alisation de votre r\u00e9servation.<\/p><\/li><li data-start=\"2125\" data-end=\"2166\"><p data-start=\"2127\" data-end=\"2166\">Les autorit\u00e9s l\u00e9gales, si la loi l&#039;exige.<\/p><\/li><\/ul><h2 data-start=\"2168\" data-end=\"2194\">6. Cookies et suivi<\/h2><p data-start=\"2195\" data-end=\"2363\">Notre site web peut utiliser des cookies pour am\u00e9liorer votre exp\u00e9rience de navigation, analyser le trafic et personnaliser le contenu. Vous pouvez g\u00e9rer ou d\u00e9sactiver les cookies dans les param\u00e8tres de votre navigateur.<\/p><h2 data-start=\"2365\" data-end=\"2384\">7. Vos droits<\/h2><p data-start=\"2385\" data-end=\"2409\">Vous avez le droit de\u00a0:<\/p><ul data-start=\"2410\" data-end=\"2593\"><li data-start=\"2410\" data-end=\"2472\"><p data-start=\"2412\" data-end=\"2472\">Acc\u00e9dez \u00e0 vos donn\u00e9es personnelles, mettez-les \u00e0 jour ou demandez leur suppression.<\/p><\/li><li data-start=\"2473\" data-end=\"2535\"><p data-start=\"2475\" data-end=\"2535\">Vous pouvez vous d\u00e9sinscrire des communications marketing \u00e0 tout moment.<\/p><\/li><li data-start=\"2536\" data-end=\"2593\"><p data-start=\"2538\" data-end=\"2593\">Demandez des informations sur la mani\u00e8re dont vos donn\u00e9es sont trait\u00e9es.<\/p><\/li><\/ul><h2 data-start=\"2595\" data-end=\"2613\">8. Contactez-nous<\/h2><p data-start=\"2614\" data-end=\"2769\">Si vous avez des questions ou des inqui\u00e9tudes concernant cette politique de confidentialit\u00e9, veuillez nous contacter\u00a0:<br data-start=\"2697\" data-end=\"2700\" \/>E-mail: <a class=\"decorated-link cursor-pointer\" rel=\"noopener\" data-start=\"2707\" data-end=\"2732\">info@hurghada-massage.com<\/a><br data-start=\"2732\" data-end=\"2735\" \/>T\u00e9l\u00e9phone\/WhatsApp : +20 155 310 1137<\/p>\t\t\t\t\t\t\t\t<\/div>\n\t\t\t\t\t<\/div>\n\t\t\t\t<\/div>\n\t\t\t\t<\/div>","protected":false},"excerpt":{"rendered":"<p>At our spa, we respect your privacy and are committed to protecting the personal information you share with us. This Privacy Policy explains how we collect, use, and safeguard your [&hellip;]<\/p>\n","protected":false},"author":1,"featured_media":0,"parent":0,"menu_order":0,"comment_status":"closed","ping_status":"open","template":"","meta":{"footnotes":""},"class_list":["post-589","page","type-page","status-publish","hentry"],"_hostinger_reach_plugin_has_subscription_block":false,"_hostinger_reach_plugin_is_elementor":false,"jetpack_sharing_enabled":true,"_links":{"self":[{"href":"https:\/\/hurghada-massage.com\/fr\/wp-json\/wp\/v2\/pages\/589","targetHints":{"allow":["GET"]}}],"collection":[{"href":"https:\/\/hurghada-massage.com\/fr\/wp-json\/wp\/v2\/pages"}],"about":[{"href":"https:\/\/hurghada-massage.com\/fr\/wp-json\/wp\/v2\/types\/page"}],"author":[{"embeddable":true,"href":"https:\/\/hurghada-massage.com\/fr\/wp-json\/wp\/v2\/users\/1"}],"replies":[{"embeddable":true,"href":"https:\/\/hurghada-massage.com\/fr\/wp-json\/wp\/v2\/comments?post=589"}],"version-history":[{"count":3,"href":"https:\/\/hurghada-massage.com\/fr\/wp-json\/wp\/v2\/pages\/589\/revisions"}],"predecessor-version":[{"id":1009,"href":"https:\/\/hurghada-massage.com\/fr\/wp-json\/wp\/v2\/pages\/589\/revisions\/1009"}],"wp:attachment":[{"href":"https:\/\/hurghada-massage.com\/fr\/wp-json\/wp\/v2\/media?parent=589"}],"curies":[{"name":"wp","href":"https:\/\/api.w.org\/{rel}","templated":true}]}}