{"id":589,"date":"2024-11-04T04:12:53","date_gmt":"2024-11-04T04:12:53","guid":{"rendered":"https:\/\/themegavias.com\/wp\/travivu\/?page_id=3"},"modified":"2025-09-26T23:43:41","modified_gmt":"2025-09-26T23:43:41","slug":"politica-de-privacidad","status":"publish","type":"page","link":"https:\/\/hurghada-massage.com\/es\/politica-de-privacidad\/","title":{"rendered":"Pol\u00edtica de privacidad"},"content":{"rendered":"<div data-elementor-type=\"wp-page\" data-elementor-id=\"589\" class=\"elementor elementor-589\">\n\t\t\t\t<div class=\"elementor-element elementor-element-7a68a241 e-flex e-con-boxed e-con e-parent\" data-id=\"7a68a241\" data-element_type=\"container\">\n\t\t\t\t\t<div class=\"e-con-inner\">\n\t\t\t\t<div class=\"elementor-element elementor-element-99a105d elementor-widget elementor-widget-text-editor\" data-id=\"99a105d\" data-element_type=\"widget\" data-widget_type=\"text-editor.default\">\n\t\t\t\t\t\t\t\t\t<p data-start=\"145\" data-end=\"414\">En <strong data-start=\"148\" data-end=\"159\">nuestro spa<\/strong>, Respetamos su privacidad y nos comprometemos a proteger la informaci\u00f3n personal que comparte con nosotros. Esta Pol\u00edtica de Privacidad explica c\u00f3mo recopilamos, usamos y protegemos sus datos cuando visita nuestro sitio web o reserva nuestros servicios de spa y bienestar en Hurghada.<\/p><h2 data-start=\"416\" data-end=\"446\">1. Informaci\u00f3n que recopilamos<\/h2><p data-start=\"447\" data-end=\"518\">Cuando interact\u00faa con nuestro sitio web o reserva un servicio, podemos recopilar:<\/p><ul data-start=\"519\" data-end=\"866\"><li data-start=\"519\" data-end=\"619\"><p data-start=\"521\" data-end=\"619\">Informaci\u00f3n personal: nombre, n\u00famero de tel\u00e9fono, direcci\u00f3n de correo electr\u00f3nico, detalles del hotel y preferencias de reserva.<\/p><\/li><li data-start=\"620\" data-end=\"734\"><p data-start=\"622\" data-end=\"734\">Informaci\u00f3n de pago: cuando corresponda, se procesa de forma segura a trav\u00e9s de proveedores externos confiables, como PayPal.<\/p><\/li><li data-start=\"735\" data-end=\"866\"><p data-start=\"737\" data-end=\"866\">Datos de uso: informaci\u00f3n sobre c\u00f3mo utiliza nuestro sitio web (p\u00e1ginas visitadas, consultas de b\u00fasqueda, etc.) para ayudarnos a mejorar su experiencia.<\/p><\/li><\/ul><h2 data-start=\"868\" data-end=\"903\">2. C\u00f3mo usamos su informaci\u00f3n<\/h2><p data-start=\"904\" data-end=\"935\">Su informaci\u00f3n se utiliza para:<\/p><ul data-start=\"936\" data-end=\"1199\"><li data-start=\"936\" data-end=\"975\"><p data-start=\"938\" data-end=\"975\">Procesamiento y confirmaci\u00f3n de reservas.<\/p><\/li><li data-start=\"976\" data-end=\"1029\"><p data-start=\"978\" data-end=\"1029\">Brindamos servicios de traslado y spa seg\u00fan solicitud.<\/p><\/li><li data-start=\"1030\" data-end=\"1088\"><p data-start=\"1032\" data-end=\"1088\">Comunicar detalles de reservas, cambios o seguimientos.<\/p><\/li><li data-start=\"1089\" data-end=\"1148\"><p data-start=\"1091\" data-end=\"1148\">Env\u00edo de actualizaciones, promociones u ofertas (si usted opta por ello).<\/p><\/li><li data-start=\"1149\" data-end=\"1199\"><p data-start=\"1151\" data-end=\"1199\">Mejorando nuestro sitio web y la experiencia del cliente.<\/p><\/li><\/ul><h2 data-start=\"1201\" data-end=\"1226\">3. Pagos y PayPal<\/h2><p data-start=\"1227\" data-end=\"1483\">Ofrecemos PayPal como opci\u00f3n de pago segura para sus reservas. Al pagar con PayPal, sus datos de pago se procesan directamente a trav\u00e9s de la plataforma segura de PayPal. No almacenamos ni tenemos acceso a la informaci\u00f3n completa de su tarjeta de pago en nuestros servidores.<\/p><p data-start=\"1485\" data-end=\"1724\">Al usar PayPal, tambi\u00e9n acepta la Pol\u00edtica de Privacidad y las Condiciones de Servicio de PayPal, que rigen la gesti\u00f3n de sus pagos e informaci\u00f3n personal. Puede consultar la pol\u00edtica de PayPal en: <a class=\"decorated-link cursor-pointer\" target=\"_new\" rel=\"noopener\" data-start=\"1672\" data-end=\"1722\">https:\/\/www.paypal.com\/webapps\/mpp\/ua\/privacy-full<\/a><\/p><h2 data-start=\"1726\" data-end=\"1760\">4. Protecci\u00f3n y seguridad de datos<\/h2><p data-start=\"1761\" data-end=\"1919\">Tomamos medidas t\u00e9cnicas y organizativas adecuadas para proteger sus datos personales contra acceso, alteraci\u00f3n, divulgaci\u00f3n o destrucci\u00f3n no autorizados.<\/p><h2 data-start=\"1921\" data-end=\"1951\">5. Intercambio de informaci\u00f3n<\/h2><p data-start=\"1952\" data-end=\"2046\">No vendemos, alquilamos ni intercambiamos su informaci\u00f3n personal. Sus datos solo podr\u00e1n compartirse con:<\/p><ul data-start=\"2047\" data-end=\"2166\"><li data-start=\"2047\" data-end=\"2124\"><p data-start=\"2049\" data-end=\"2124\">Proveedores de servicios y personal directamente involucrado en la entrega de su reserva.<\/p><\/li><li data-start=\"2125\" data-end=\"2166\"><p data-start=\"2127\" data-end=\"2166\">Autoridades legales si as\u00ed lo exige la ley.<\/p><\/li><\/ul><h2 data-start=\"2168\" data-end=\"2194\">6. Cookies y seguimiento<\/h2><p data-start=\"2195\" data-end=\"2363\">Nuestro sitio web puede utilizar cookies para mejorar la experiencia de navegaci\u00f3n, analizar el tr\u00e1fico y personalizar el contenido. Puede configurar o desactivar las cookies en su navegador.<\/p><h2 data-start=\"2365\" data-end=\"2384\">7. Sus derechos<\/h2><p data-start=\"2385\" data-end=\"2409\">Tienes derecho a:<\/p><ul data-start=\"2410\" data-end=\"2593\"><li data-start=\"2410\" data-end=\"2472\"><p data-start=\"2412\" data-end=\"2472\">Acceder, actualizar o solicitar la eliminaci\u00f3n de sus datos personales.<\/p><\/li><li data-start=\"2473\" data-end=\"2535\"><p data-start=\"2475\" data-end=\"2535\">Puede optar por no recibir comunicaciones de marketing en cualquier momento.<\/p><\/li><li data-start=\"2536\" data-end=\"2593\"><p data-start=\"2538\" data-end=\"2593\">Solicitar informaci\u00f3n sobre c\u00f3mo se tratan sus datos.<\/p><\/li><\/ul><h2 data-start=\"2595\" data-end=\"2613\">8. Cont\u00e1ctenos<\/h2><p data-start=\"2614\" data-end=\"2769\">Si tiene alguna pregunta o inquietud sobre esta Pol\u00edtica de privacidad, comun\u00edquese con nosotros:<br data-start=\"2697\" data-end=\"2700\" \/>Correo electr\u00f3nico: <a class=\"decorated-link cursor-pointer\" rel=\"noopener\" data-start=\"2707\" data-end=\"2732\">info@hurghada-massage.com<\/a><br data-start=\"2732\" data-end=\"2735\" \/>Tel\u00e9fono\/WhatsApp: +20 155 310 1137<\/p>\t\t\t\t\t\t\t\t<\/div>\n\t\t\t\t\t<\/div>\n\t\t\t\t<\/div>\n\t\t\t\t<\/div>","protected":false},"excerpt":{"rendered":"<p>At our spa, we respect your privacy and are committed to protecting the personal information you share with us. This Privacy Policy explains how we collect, use, and safeguard your [&hellip;]<\/p>\n","protected":false},"author":1,"featured_media":0,"parent":0,"menu_order":0,"comment_status":"closed","ping_status":"open","template":"","meta":{"footnotes":""},"class_list":["post-589","page","type-page","status-publish","hentry"],"_hostinger_reach_plugin_has_subscription_block":false,"_hostinger_reach_plugin_is_elementor":false,"jetpack_sharing_enabled":true,"_links":{"self":[{"href":"https:\/\/hurghada-massage.com\/es\/wp-json\/wp\/v2\/pages\/589","targetHints":{"allow":["GET"]}}],"collection":[{"href":"https:\/\/hurghada-massage.com\/es\/wp-json\/wp\/v2\/pages"}],"about":[{"href":"https:\/\/hurghada-massage.com\/es\/wp-json\/wp\/v2\/types\/page"}],"author":[{"embeddable":true,"href":"https:\/\/hurghada-massage.com\/es\/wp-json\/wp\/v2\/users\/1"}],"replies":[{"embeddable":true,"href":"https:\/\/hurghada-massage.com\/es\/wp-json\/wp\/v2\/comments?post=589"}],"version-history":[{"count":3,"href":"https:\/\/hurghada-massage.com\/es\/wp-json\/wp\/v2\/pages\/589\/revisions"}],"predecessor-version":[{"id":1009,"href":"https:\/\/hurghada-massage.com\/es\/wp-json\/wp\/v2\/pages\/589\/revisions\/1009"}],"wp:attachment":[{"href":"https:\/\/hurghada-massage.com\/es\/wp-json\/wp\/v2\/media?parent=589"}],"curies":[{"name":"wp","href":"https:\/\/api.w.org\/{rel}","templated":true}]}}