{"id":589,"date":"2024-11-04T04:12:53","date_gmt":"2024-11-04T04:12:53","guid":{"rendered":"https:\/\/themegavias.com\/wp\/travivu\/?page_id=3"},"modified":"2025-09-26T23:43:41","modified_gmt":"2025-09-26T23:43:41","slug":"datenschutzrichtlinie","status":"publish","type":"page","link":"https:\/\/hurghada-massage.com\/de\/datenschutzrichtlinie\/","title":{"rendered":"Datenschutzerkl\u00e4rung"},"content":{"rendered":"<div data-elementor-type=\"wp-page\" data-elementor-id=\"589\" class=\"elementor elementor-589\">\n\t\t\t\t<div class=\"elementor-element elementor-element-7a68a241 e-flex e-con-boxed e-con e-parent\" data-id=\"7a68a241\" data-element_type=\"container\">\n\t\t\t\t\t<div class=\"e-con-inner\">\n\t\t\t\t<div class=\"elementor-element elementor-element-99a105d elementor-widget elementor-widget-text-editor\" data-id=\"99a105d\" data-element_type=\"widget\" data-widget_type=\"text-editor.default\">\n\t\t\t\t\t\t\t\t\t<p data-start=\"145\" data-end=\"414\">Bei <strong data-start=\"148\" data-end=\"159\">unser Spa<\/strong>, Wir respektieren Ihre Privatsph\u00e4re und verpflichten uns, die uns von Ihnen mitgeteilten personenbezogenen Daten zu sch\u00fctzen. Diese Datenschutzerkl\u00e4rung erl\u00e4utert, wie wir Ihre Daten erfassen, verwenden und sch\u00fctzen, wenn Sie unsere Website besuchen oder unsere Spa- und Wellness-Angebote in Hurghada buchen.<\/p><h2 data-start=\"416\" data-end=\"446\">1. Informationen, die wir sammeln<\/h2><p data-start=\"447\" data-end=\"518\">Wenn Sie mit unserer Website interagieren oder eine Dienstleistung buchen, erfassen wir m\u00f6glicherweise folgende Daten:<\/p><ul data-start=\"519\" data-end=\"866\"><li data-start=\"519\" data-end=\"619\"><p data-start=\"521\" data-end=\"619\">Pers\u00f6nliche Daten: Name, Telefonnummer, E-Mail-Adresse, Hoteldetails und Buchungspr\u00e4ferenzen.<\/p><\/li><li data-start=\"620\" data-end=\"734\"><p data-start=\"622\" data-end=\"734\">Zahlungsinformationen: Sofern zutreffend, werden Zahlungen sicher \u00fcber vertrauensw\u00fcrdige Drittanbieter wie PayPal abgewickelt.<\/p><\/li><li data-start=\"735\" data-end=\"866\"><p data-start=\"737\" data-end=\"866\">Nutzungsdaten: Informationen dar\u00fcber, wie Sie unsere Website nutzen (besuchte Seiten, Suchanfragen usw.), die uns helfen, Ihr Nutzererlebnis zu verbessern.<\/p><\/li><\/ul><h2 data-start=\"868\" data-end=\"903\">2. Wie wir Ihre Daten verwenden<\/h2><p data-start=\"904\" data-end=\"935\">Ihre Daten werden verwendet f\u00fcr:<\/p><ul data-start=\"936\" data-end=\"1199\"><li data-start=\"936\" data-end=\"975\"><p data-start=\"938\" data-end=\"975\">Buchungen bearbeiten und best\u00e4tigen.<\/p><\/li><li data-start=\"976\" data-end=\"1029\"><p data-start=\"978\" data-end=\"1029\">Transfer- und Wellnessleistungen werden auf Anfrage bereitgestellt.<\/p><\/li><li data-start=\"1030\" data-end=\"1088\"><p data-start=\"1032\" data-end=\"1088\">Mitteilung von Buchungsdetails, \u00c4nderungen oder Nachfragen.<\/p><\/li><li data-start=\"1089\" data-end=\"1148\"><p data-start=\"1091\" data-end=\"1148\">Zusendung von Aktualisierungen, Werbeaktionen oder Angeboten (sofern Sie dies w\u00fcnschen).<\/p><\/li><li data-start=\"1149\" data-end=\"1199\"><p data-start=\"1151\" data-end=\"1199\">Verbesserung unserer Website und des Kundenerlebnisses.<\/p><\/li><\/ul><h2 data-start=\"1201\" data-end=\"1226\">3. Zahlungen &amp; PayPal<\/h2><p data-start=\"1227\" data-end=\"1483\">Wir bieten PayPal als sichere Zahlungsoption f\u00fcr Buchungen an. Wenn Sie mit PayPal bezahlen, werden Ihre Zahlungsdaten direkt \u00fcber die sichere Plattform von PayPal verarbeitet. Wir speichern Ihre vollst\u00e4ndigen Zahlungskarteninformationen nicht auf unseren Servern und haben auch keinen Zugriff darauf.<\/p><p data-start=\"1485\" data-end=\"1724\">Mit der Nutzung von PayPal stimmen Sie auch den Datenschutzbestimmungen und Nutzungsbedingungen von PayPal zu, die den Umgang mit Ihren Zahlungs- und pers\u00f6nlichen Daten regeln. Die Datenschutzbestimmungen von PayPal finden Sie hier: <a class=\"decorated-link cursor-pointer\" target=\"_new\" rel=\"noopener\" data-start=\"1672\" data-end=\"1722\">https:\/\/www.paypal.com\/webapps\/mpp\/ua\/privacy-full<\/a><\/p><h2 data-start=\"1726\" data-end=\"1760\">4. Datenschutz und Datensicherheit<\/h2><p data-start=\"1761\" data-end=\"1919\">Wir treffen geeignete technische und organisatorische Ma\u00dfnahmen, um Ihre personenbezogenen Daten vor unbefugtem Zugriff, Ver\u00e4nderung, Offenlegung oder Zerst\u00f6rung zu sch\u00fctzen.<\/p><h2 data-start=\"1921\" data-end=\"1951\">5. Informationsaustausch<\/h2><p data-start=\"1952\" data-end=\"2046\">Wir verkaufen, vermieten oder tauschen Ihre personenbezogenen Daten nicht. Ihre Daten werden gegebenenfalls nur an folgende Stellen weitergegeben:<\/p><ul data-start=\"2047\" data-end=\"2166\"><li data-start=\"2047\" data-end=\"2124\"><p data-start=\"2049\" data-end=\"2124\">Dienstleister und Mitarbeiter, die direkt an der Abwicklung Ihrer Buchung beteiligt sind.<\/p><\/li><li data-start=\"2125\" data-end=\"2166\"><p data-start=\"2127\" data-end=\"2166\">Rechtliche Beh\u00f6rden, falls gesetzlich vorgeschrieben.<\/p><\/li><\/ul><h2 data-start=\"2168\" data-end=\"2194\">6. Cookies &amp; Tracking<\/h2><p data-start=\"2195\" data-end=\"2363\">Unsere Website verwendet m\u00f6glicherweise Cookies, um das Surfverhalten zu verbessern, den Datenverkehr zu analysieren und Inhalte zu personalisieren. Sie k\u00f6nnen Cookies in Ihren Browsereinstellungen verwalten oder deaktivieren.<\/p><h2 data-start=\"2365\" data-end=\"2384\">7. Ihre Rechte<\/h2><p data-start=\"2385\" data-end=\"2409\">Sie haben das Recht auf:<\/p><ul data-start=\"2410\" data-end=\"2593\"><li data-start=\"2410\" data-end=\"2472\"><p data-start=\"2412\" data-end=\"2472\">Sie k\u00f6nnen auf Ihre personenbezogenen Daten zugreifen, diese aktualisieren oder deren L\u00f6schung beantragen.<\/p><\/li><li data-start=\"2473\" data-end=\"2535\"><p data-start=\"2475\" data-end=\"2535\">Sie k\u00f6nnen den Erhalt von Marketingmitteilungen jederzeit abbestellen.<\/p><\/li><li data-start=\"2536\" data-end=\"2593\"><p data-start=\"2538\" data-end=\"2593\">Fordern Sie Informationen dar\u00fcber an, wie Ihre Daten verarbeitet werden.<\/p><\/li><\/ul><h2 data-start=\"2595\" data-end=\"2613\">8. Kontaktieren Sie uns<\/h2><p data-start=\"2614\" data-end=\"2769\">Wenn Sie Fragen oder Bedenken bez\u00fcglich dieser Datenschutzrichtlinie haben, kontaktieren Sie uns bitte:<br data-start=\"2697\" data-end=\"2700\" \/>E-Mail: <a class=\"decorated-link cursor-pointer\" rel=\"noopener\" data-start=\"2707\" data-end=\"2732\">info@hurghada-massage.com<\/a><br data-start=\"2732\" data-end=\"2735\" \/>Telefon\/WhatsApp: +20 155 310 1137<\/p>\t\t\t\t\t\t\t\t<\/div>\n\t\t\t\t\t<\/div>\n\t\t\t\t<\/div>\n\t\t\t\t<\/div>","protected":false},"excerpt":{"rendered":"<p>At our spa, we respect your privacy and are committed to protecting the personal information you share with us. This Privacy Policy explains how we collect, use, and safeguard your [&hellip;]<\/p>\n","protected":false},"author":1,"featured_media":0,"parent":0,"menu_order":0,"comment_status":"closed","ping_status":"open","template":"","meta":{"footnotes":""},"class_list":["post-589","page","type-page","status-publish","hentry"],"_hostinger_reach_plugin_has_subscription_block":false,"_hostinger_reach_plugin_is_elementor":false,"jetpack_sharing_enabled":true,"_links":{"self":[{"href":"https:\/\/hurghada-massage.com\/de\/wp-json\/wp\/v2\/pages\/589","targetHints":{"allow":["GET"]}}],"collection":[{"href":"https:\/\/hurghada-massage.com\/de\/wp-json\/wp\/v2\/pages"}],"about":[{"href":"https:\/\/hurghada-massage.com\/de\/wp-json\/wp\/v2\/types\/page"}],"author":[{"embeddable":true,"href":"https:\/\/hurghada-massage.com\/de\/wp-json\/wp\/v2\/users\/1"}],"replies":[{"embeddable":true,"href":"https:\/\/hurghada-massage.com\/de\/wp-json\/wp\/v2\/comments?post=589"}],"version-history":[{"count":3,"href":"https:\/\/hurghada-massage.com\/de\/wp-json\/wp\/v2\/pages\/589\/revisions"}],"predecessor-version":[{"id":1009,"href":"https:\/\/hurghada-massage.com\/de\/wp-json\/wp\/v2\/pages\/589\/revisions\/1009"}],"wp:attachment":[{"href":"https:\/\/hurghada-massage.com\/de\/wp-json\/wp\/v2\/media?parent=589"}],"curies":[{"name":"wp","href":"https:\/\/api.w.org\/{rel}","templated":true}]}}