{"id":589,"date":"2024-11-04T04:12:53","date_gmt":"2024-11-04T04:12:53","guid":{"rendered":"https:\/\/themegavias.com\/wp\/travivu\/?page_id=3"},"modified":"2025-09-26T23:43:41","modified_gmt":"2025-09-26T23:43:41","slug":"zasady-ochrany-osobnich-udaju","status":"publish","type":"page","link":"https:\/\/hurghada-massage.com\/cs\/zasady-ochrany-osobnich-udaju\/","title":{"rendered":"Z\u00e1sady ochrany osobn\u00edch \u00fadaj\u016f"},"content":{"rendered":"<div data-elementor-type=\"wp-page\" data-elementor-id=\"589\" class=\"elementor elementor-589\">\n\t\t\t\t<div class=\"elementor-element elementor-element-7a68a241 e-flex e-con-boxed e-con e-parent\" data-id=\"7a68a241\" data-element_type=\"container\">\n\t\t\t\t\t<div class=\"e-con-inner\">\n\t\t\t\t<div class=\"elementor-element elementor-element-99a105d elementor-widget elementor-widget-text-editor\" data-id=\"99a105d\" data-element_type=\"widget\" data-widget_type=\"text-editor.default\">\n\t\t\t\t\t\t\t\t\t<p data-start=\"145\" data-end=\"414\">Na <strong data-start=\"148\" data-end=\"159\">na\u0161e l\u00e1zn\u011b<\/strong>, Respektujeme va\u0161e soukrom\u00ed a zavazujeme se chr\u00e1nit osobn\u00ed \u00fadaje, kter\u00e9 s n\u00e1mi sd\u00edl\u00edte. Tyto Z\u00e1sady ochrany osobn\u00edch \u00fadaj\u016f vysv\u011btluj\u00ed, jak shroma\u017e\u010fujeme, pou\u017e\u00edv\u00e1me a chr\u00e1n\u00edme va\u0161e \u00fadaje, kdy\u017e nav\u0161t\u00edv\u00edte na\u0161e webov\u00e9 str\u00e1nky nebo si rezervujete na\u0161e l\u00e1ze\u0148sk\u00e9 a wellness slu\u017eby v Hurghad\u011b.<\/p><h2 data-start=\"416\" data-end=\"446\">1. Informace, kter\u00e9 shroma\u017e\u010fujeme<\/h2><p data-start=\"447\" data-end=\"518\">Kdy\u017e pou\u017e\u00edv\u00e1te na\u0161e webov\u00e9 str\u00e1nky nebo si rezervujete slu\u017ebu, m\u016f\u017eeme shroma\u017e\u010fovat:<\/p><ul data-start=\"519\" data-end=\"866\"><li data-start=\"519\" data-end=\"619\"><p data-start=\"521\" data-end=\"619\">Osobn\u00ed \u00fadaje: jm\u00e9no, telefonn\u00ed \u010d\u00edslo, e-mailov\u00e1 adresa, informace o hotelu a preference rezervace.<\/p><\/li><li data-start=\"620\" data-end=\"734\"><p data-start=\"622\" data-end=\"734\">Platebn\u00ed informace: v p\u0159\u00edpad\u011b pot\u0159eby zpracov\u00e1v\u00e1ny bezpe\u010dn\u011b prost\u0159ednictv\u00edm d\u016fv\u011bryhodn\u00fdch poskytovatel\u016f t\u0159et\u00edch stran, jako je PayPal.<\/p><\/li><li data-start=\"735\" data-end=\"866\"><p data-start=\"737\" data-end=\"866\">\u00dadaje o u\u017e\u00edv\u00e1n\u00ed: informace o tom, jak pou\u017e\u00edv\u00e1te na\u0161e webov\u00e9 str\u00e1nky (nav\u0161t\u00edven\u00e9 str\u00e1nky, vyhled\u00e1vac\u00ed dotazy atd.), kter\u00e9 n\u00e1m pom\u00e1haj\u00ed zlep\u0161it v\u00e1\u0161 z\u00e1\u017eitek.<\/p><\/li><\/ul><h2 data-start=\"868\" data-end=\"903\">2. Jak pou\u017e\u00edv\u00e1me va\u0161e informace<\/h2><p data-start=\"904\" data-end=\"935\">Va\u0161e informace se pou\u017e\u00edvaj\u00ed k:<\/p><ul data-start=\"936\" data-end=\"1199\"><li data-start=\"936\" data-end=\"975\"><p data-start=\"938\" data-end=\"975\">Zpracov\u00e1n\u00ed a potvrzen\u00ed rezervac\u00ed.<\/p><\/li><li data-start=\"976\" data-end=\"1029\"><p data-start=\"978\" data-end=\"1029\">Zaji\u0161\u0165ujeme transfery a l\u00e1ze\u0148sk\u00e9 slu\u017eby dle po\u017eadavku.<\/p><\/li><li data-start=\"1030\" data-end=\"1088\"><p data-start=\"1032\" data-end=\"1088\">Sd\u011blov\u00e1n\u00ed podrobnost\u00ed rezervace, zm\u011bn nebo n\u00e1sledn\u00fdch krok\u016f.<\/p><\/li><li data-start=\"1089\" data-end=\"1148\"><p data-start=\"1091\" data-end=\"1148\">Zas\u00edl\u00e1n\u00ed aktualizac\u00ed, propaga\u010dn\u00edch akc\u00ed nebo nab\u00eddek (pokud se k tomu p\u0159ihl\u00e1s\u00edte).<\/p><\/li><li data-start=\"1149\" data-end=\"1199\"><p data-start=\"1151\" data-end=\"1199\">Zlep\u0161ov\u00e1n\u00ed na\u0161ich webov\u00fdch str\u00e1nek a z\u00e1kaznick\u00e9 zku\u0161enosti.<\/p><\/li><\/ul><h2 data-start=\"1201\" data-end=\"1226\">3. Platby a PayPal<\/h2><p data-start=\"1227\" data-end=\"1483\">Jako bezpe\u010dnou platebn\u00ed metodu pro rezervace nab\u00edz\u00edme PayPal. Pokud se rozhodnete platit p\u0159es PayPal, va\u0161e platebn\u00ed \u00fadaje jsou zpracov\u00e1v\u00e1ny p\u0159\u00edmo prost\u0159ednictv\u00edm zabezpe\u010den\u00e9 platformy PayPal. Na na\u0161ich serverech neukl\u00e1d\u00e1me ani nem\u00e1me p\u0159\u00edstup k \u00fapln\u00fdm informac\u00edm o va\u0161\u00ed platebn\u00ed kart\u011b.<\/p><p data-start=\"1485\" data-end=\"1724\">Pou\u017e\u00edv\u00e1n\u00edm slu\u017eby PayPal souhlas\u00edte tak\u00e9 se Z\u00e1sadami ochrany osobn\u00edch \u00fadaj\u016f a Podm\u00ednkami slu\u017eby spole\u010dnosti PayPal, kter\u00e9 upravuj\u00ed zp\u016fsob nakl\u00e1d\u00e1n\u00ed s va\u0161imi platbami a osobn\u00edmi \u00fadaji. Z\u00e1sady spole\u010dnosti PayPal si m\u016f\u017eete prohl\u00e9dnout na adrese: <a class=\"decorated-link cursor-pointer\" target=\"_new\" rel=\"noopener\" data-start=\"1672\" data-end=\"1722\">https:\/\/www.paypal.com\/webapps\/mpp\/ua\/privacy-full<\/a><\/p><h2 data-start=\"1726\" data-end=\"1760\">4. Ochrana a zabezpe\u010den\u00ed dat<\/h2><p data-start=\"1761\" data-end=\"1919\">P\u0159ij\u00edm\u00e1me vhodn\u00e1 technick\u00e1 a organiza\u010dn\u00ed opat\u0159en\u00ed k ochran\u011b va\u0161ich osobn\u00edch \u00fadaj\u016f p\u0159ed neopr\u00e1vn\u011bn\u00fdm p\u0159\u00edstupem, zm\u011bnou, zve\u0159ejn\u011bn\u00edm nebo zni\u010den\u00edm.<\/p><h2 data-start=\"1921\" data-end=\"1951\">5. Sd\u00edlen\u00ed informac\u00ed<\/h2><p data-start=\"1952\" data-end=\"2046\">Va\u0161e osobn\u00ed \u00fadaje neprod\u00e1v\u00e1me, nepronaj\u00edm\u00e1me ani s nimi neobchodujeme. Va\u0161e \u00fadaje mohou b\u00fdt sd\u00edleny pouze s:<\/p><ul data-start=\"2047\" data-end=\"2166\"><li data-start=\"2047\" data-end=\"2124\"><p data-start=\"2049\" data-end=\"2124\">Poskytovatel\u00e9 slu\u017eeb a zam\u011bstnanci p\u0159\u00edmo zapojen\u00ed do realizace va\u0161\u00ed rezervace.<\/p><\/li><li data-start=\"2125\" data-end=\"2166\"><p data-start=\"2127\" data-end=\"2166\">Pr\u00e1vomocn\u00e9 org\u00e1ny, pokud to vy\u017eaduje z\u00e1kon.<\/p><\/li><\/ul><h2 data-start=\"2168\" data-end=\"2194\">6. Soubory cookie a sledov\u00e1n\u00ed<\/h2><p data-start=\"2195\" data-end=\"2363\">Na\u0161e webov\u00e9 str\u00e1nky mohou pou\u017e\u00edvat soubory cookie ke zlep\u0161en\u00ed prohl\u00ed\u017een\u00ed, anal\u00fdze n\u00e1v\u0161t\u011bvnosti a personalizaci obsahu. Soubory cookie m\u016f\u017eete spravovat nebo zak\u00e1zat v nastaven\u00ed prohl\u00ed\u017ee\u010de.<\/p><h2 data-start=\"2365\" data-end=\"2384\">7. Va\u0161e pr\u00e1va<\/h2><p data-start=\"2385\" data-end=\"2409\">M\u00e1te pr\u00e1vo:<\/p><ul data-start=\"2410\" data-end=\"2593\"><li data-start=\"2410\" data-end=\"2472\"><p data-start=\"2412\" data-end=\"2472\">P\u0159\u00edstup k va\u0161im osobn\u00edm \u00fadaj\u016fm, jejich aktualizace nebo \u017e\u00e1dost o jejich smaz\u00e1n\u00ed.<\/p><\/li><li data-start=\"2473\" data-end=\"2535\"><p data-start=\"2475\" data-end=\"2535\">Odhl\u00e1sit se z odb\u011bru marketingov\u00fdch sd\u011blen\u00ed kdykoli.<\/p><\/li><li data-start=\"2536\" data-end=\"2593\"><p data-start=\"2538\" data-end=\"2593\">Po\u017e\u00e1dejte o informace o tom, jak jsou va\u0161e \u00fadaje zpracov\u00e1v\u00e1ny.<\/p><\/li><\/ul><h2 data-start=\"2595\" data-end=\"2613\">8. Kontaktujte n\u00e1s<\/h2><p data-start=\"2614\" data-end=\"2769\">M\u00e1te-li jak\u00e9koli dotazy nebo obavy t\u00fdkaj\u00edc\u00ed se t\u011bchto Z\u00e1sad ochrany osobn\u00edch \u00fadaj\u016f, kontaktujte n\u00e1s pros\u00edm:<br data-start=\"2697\" data-end=\"2700\" \/>E-mail: <a class=\"decorated-link cursor-pointer\" rel=\"noopener\" data-start=\"2707\" data-end=\"2732\">info@hurghada-massage.com<\/a><br data-start=\"2732\" data-end=\"2735\" \/>Telefon\/WhatsApp: +20 155 310 1137<\/p>\t\t\t\t\t\t\t\t<\/div>\n\t\t\t\t\t<\/div>\n\t\t\t\t<\/div>\n\t\t\t\t<\/div>","protected":false},"excerpt":{"rendered":"<p>At our spa, we respect your privacy and are committed to protecting the personal information you share with us. This Privacy Policy explains how we collect, use, and safeguard your [&hellip;]<\/p>\n","protected":false},"author":1,"featured_media":0,"parent":0,"menu_order":0,"comment_status":"closed","ping_status":"open","template":"","meta":{"footnotes":""},"class_list":["post-589","page","type-page","status-publish","hentry"],"_hostinger_reach_plugin_has_subscription_block":false,"_hostinger_reach_plugin_is_elementor":false,"jetpack_sharing_enabled":true,"_links":{"self":[{"href":"https:\/\/hurghada-massage.com\/cs\/wp-json\/wp\/v2\/pages\/589","targetHints":{"allow":["GET"]}}],"collection":[{"href":"https:\/\/hurghada-massage.com\/cs\/wp-json\/wp\/v2\/pages"}],"about":[{"href":"https:\/\/hurghada-massage.com\/cs\/wp-json\/wp\/v2\/types\/page"}],"author":[{"embeddable":true,"href":"https:\/\/hurghada-massage.com\/cs\/wp-json\/wp\/v2\/users\/1"}],"replies":[{"embeddable":true,"href":"https:\/\/hurghada-massage.com\/cs\/wp-json\/wp\/v2\/comments?post=589"}],"version-history":[{"count":3,"href":"https:\/\/hurghada-massage.com\/cs\/wp-json\/wp\/v2\/pages\/589\/revisions"}],"predecessor-version":[{"id":1009,"href":"https:\/\/hurghada-massage.com\/cs\/wp-json\/wp\/v2\/pages\/589\/revisions\/1009"}],"wp:attachment":[{"href":"https:\/\/hurghada-massage.com\/cs\/wp-json\/wp\/v2\/media?parent=589"}],"curies":[{"name":"wp","href":"https:\/\/api.w.org\/{rel}","templated":true}]}}